{"id":41,"date":"2024-01-24T11:46:16","date_gmt":"2024-01-24T16:46:16","guid":{"rendered":"https:\/\/identidad-visual.com.pe\/?page_id=41"},"modified":"2026-03-19T13:25:42","modified_gmt":"2026-03-19T18:25:42","slug":"contactenos","status":"publish","type":"page","link":"https:\/\/identidad-visual.com.pe\/en\/contactenos\/","title":{"rendered":"Cont\u00e1ctenos"},"content":{"rendered":"<div class=\"wpb-content-wrapper\"><section class=\"vc_section\"><div class=\"vc_row wpb_row vc_row-fluid\"><div class=\"wpb_column vc_column_container vc_col-sm-12\"><div class=\"vc_column-inner\"><div class=\"wpb_wrapper\">\n\t\t\t<!-- START Contacto banner REVOLUTION SLIDER 6.6.16 --><p class=\"rs-p-wp-fix\"><\/p>\n\t\t\t<rs-module-wrap id=\"rev_slider_8_1_wrapper\" data-source=\"gallery\" style=\"visibility:hidden;background:transparent;padding:0;margin:0px auto;margin-top:0;margin-bottom:0;\">\n\t\t\t\t<rs-module id=\"rev_slider_8_1\" style=\"\" data-version=\"6.6.16\">\n\t\t\t\t\t<rs-slides style=\"overflow: hidden; position: absolute;\">\n\t\t\t\t\t\t<rs-slide style=\"position: absolute;\" data-key=\"rs-18\" data-title=\"Slide\" data-anim=\"ms:600;\" data-in=\"o:0;\" data-out=\"a:false;\">\n\t\t\t\t\t\t\t<img fetchpriority=\"high\" decoding=\"async\" src=\"\/\/identidad-visual.com.pe\/wp-content\/plugins\/revslider\/public\/assets\/assets\/dummy.png\" alt=\"\" title=\"contactanos.jpeg\" width=\"1599\" height=\"899\" class=\"rev-slidebg tp-rs-img rs-lazyload\" data-lazyload=\"\/\/identidad-visual.com\/wp-content\/uploads\/revslider\/principal-stand-1\/contactanos.jpeg\" data-no-retina>\n<!--\n\t\t\t\t\t\t\t--><rs-layer\n\t\t\t\t\t\t\t\tid=\"slider-8-slide-18-layer-0\" \n\t\t\t\t\t\t\t\tdata-type=\"text\"\n\t\t\t\t\t\t\t\tdata-color=\"#ffffff\"\n\t\t\t\t\t\t\t\tdata-rsp_ch=\"on\"\n\t\t\t\t\t\t\t\tdata-xy=\"x:269px;y:253px;\"\n\t\t\t\t\t\t\t\tdata-text=\"w:normal;s:23;l:29;\"\n\t\t\t\t\t\t\t\tdata-dim=\"w:464;\"\n\t\t\t\t\t\t\t\tdata-frame_999=\"o:0;st:w;\"\n\t\t\t\t\t\t\t\tstyle=\"z-index:10;font-family:'Oswald';\"\n\t\t\t\t\t\t\t>para entregarte el mejor resultado \n\t\t\t\t\t\t\t<\/rs-layer><!--\n\n\t\t\t\t\t\t\t--><rs-layer\n\t\t\t\t\t\t\t\tid=\"slider-8-slide-18-layer-1\" \n\t\t\t\t\t\t\t\tdata-type=\"text\"\n\t\t\t\t\t\t\t\tdata-color=\"#ffffff\"\n\t\t\t\t\t\t\t\tdata-rsp_ch=\"on\"\n\t\t\t\t\t\t\t\tdata-xy=\"x:243px;y:186px;\"\n\t\t\t\t\t\t\t\tdata-text=\"w:normal;s:48;l:60;\"\n\t\t\t\t\t\t\t\tdata-frame_999=\"o:0;st:w;\"\n\t\t\t\t\t\t\t\tstyle=\"z-index:8;font-family:'Oswald';\"\n\t\t\t\t\t\t\t>M\u00c1XIMA CALIDAD \n\t\t\t\t\t\t\t<\/rs-layer><!--\n\n\t\t\t\t\t\t\t--><rs-layer\n\t\t\t\t\t\t\t\tid=\"slider-8-slide-18-layer-2\" \n\t\t\t\t\t\t\t\tdata-type=\"text\"\n\t\t\t\t\t\t\t\tdata-color=\"#ffffff\"\n\t\t\t\t\t\t\t\tdata-rsp_ch=\"on\"\n\t\t\t\t\t\t\t\tdata-xy=\"x:196px;y:150px;\"\n\t\t\t\t\t\t\t\tdata-text=\"w:normal;s:23;l:29;\"\n\t\t\t\t\t\t\t\tdata-dim=\"w:464;\"\n\t\t\t\t\t\t\t\tdata-frame_999=\"o:0;st:w;\"\n\t\t\t\t\t\t\t\tstyle=\"z-index:9;font-family:'Oswald';\"\n\t\t\t\t\t\t\t>Brindamos la \n\t\t\t\t\t\t\t<\/rs-layer><!--\n-->\t\t\t\t\t\t<\/rs-slide>\n\t\t\t\t\t<\/rs-slides>\n\t\t\t\t<\/rs-module>\n\t\t\t\t<script>\n\t\t\t\t\tsetREVStartSize({c: 'rev_slider_8_1',rl:[1240,1024,778,480],el:[400],gw:[1240],gh:[400],type:'standard',justify:'',layout:'fullwidth',mh:\"700\"});if (window.RS_MODULES!==undefined && window.RS_MODULES.modules!==undefined && window.RS_MODULES.modules[\"revslider81\"]!==undefined) {window.RS_MODULES.modules[\"revslider81\"].once = false;window.revapi8 = undefined;if (window.RS_MODULES.checkMinimal!==undefined) window.RS_MODULES.checkMinimal()}\n\t\t\t\t<\/script>\n\t\t\t<\/rs-module-wrap>\n\t\t\t<!-- END REVOLUTION SLIDER -->\n<\/div><\/div><\/div><\/div><div class=\"vc_row wpb_row vc_row-fluid\"><div class=\"wpb_column vc_column_container vc_col-sm-12\"><div class=\"vc_column-inner\"><div class=\"wpb_wrapper\"><\/div><\/div><\/div><\/div><\/section><section class=\"vc_section\"><div class=\"vc_row wpb_row vc_row-fluid\"><div class=\"wpb_column vc_column_container vc_col-sm-12\"><div class=\"vc_column-inner\"><div class=\"wpb_wrapper\"><div class=\"ult-spacer spacer-69d12f140ec6f\" data-id=\"69d12f140ec6f\" data-height=\"130\" data-height-mobile=\"130\" data-height-tab=\"130\" data-height-tab-portrait=\"\" data-height-mobile-landscape=\"\" style=\"clear:both;display:block;\"><\/div><\/div><\/div><\/div><div class=\"wpb_column vc_column_container vc_col-sm-5\"><div class=\"vc_column-inner\"><div class=\"wpb_wrapper\"><div class=\"vlthemes_custom_69d12f140edc3   vlt-animation-block\" data-aos=\"fade\" data-aos-delay=\"0\"><div id=\"ultimate-heading-171469d12f140ee4e\" class=\"uvc-heading ult-adjust-bottom-margin ultimate-heading-171469d12f140ee4e uvc-9480\" data-hspacer=\"no_spacer\"  data-halign=\"left\" style=\"text-align:left\"><div class=\"uvc-heading-spacer no_spacer\" style=\"top\"><\/div><div class=\"uvc-main-heading ult-responsive\"  data-ultimate-target='.uvc-heading.ultimate-heading-171469d12f140ee4e h5'  data-responsive-json-new='{\"font-size\":\"desktop:30px;\",\"line-height\":\"desktop:70px;\"}' ><h5 style=\"font-weight:bold;\">INFORMACI\u00d3N<\/h5><\/div><\/div><div class=\"ult-spacer spacer-69d12f140ee68\" data-id=\"69d12f140ee68\" data-height=\"70\" data-height-mobile=\"70\" data-height-tab=\"70\" data-height-tab-portrait=\"\" data-height-mobile-landscape=\"\" style=\"clear:both;display:block;\"><\/div><div id=\"ultimate-heading-564569d12f140ee75\" class=\"uvc-heading ult-adjust-bottom-margin ultimate-heading-564569d12f140ee75 uvc-9856\" data-hspacer=\"no_spacer\"  data-halign=\"left\" style=\"text-align:left\"><div class=\"uvc-heading-spacer no_spacer\" style=\"top\"><\/div><div class=\"uvc-sub-heading ult-responsive\"  data-ultimate-target='.uvc-heading.ultimate-heading-564569d12f140ee75 .uvc-sub-heading '  data-responsive-json-new='{\"font-size\":\"\",\"line-height\":\"\"}'  style=\"font-weight:normal;\"><\/p>\n<address class=\"m-0\">Lima, <span class=\"has-gray-color\">Per\u00fa<\/span><\/address>\n<p><\/div><\/div><div class=\"ult-spacer spacer-69d12f140ee82\" data-id=\"69d12f140ee82\" data-height=\"20\" data-height-mobile=\"20\" data-height-tab=\"20\" data-height-tab-portrait=\"\" data-height-mobile-landscape=\"\" style=\"clear:both;display:block;\"><\/div>\n\t<div class=\"wpb_text_column wpb_content_element  vc_custom_1716570018662 vlt-custom--2945\" >\n\t\t<div class=\"wpb_wrapper\">\n\t\t\t<h5 style=\"text-align: left; color: white; font-size: 30px;\">OFICINA<\/h5>\n<p style=\"color: #ffffff; font-weight: 300;\">Calle Alameda del Alba 233,<br \/>\nSantiago de Surco<br \/>\n<a href=\"tel: 51989329163\">+51 989 329 163<\/a><br \/>\n<a href=\"tel: 51987755930\">+51 987 755 930<\/a><br \/>\n<a href=\"mailto:informes@identidad-visual.com\"><img decoding=\"async\" class=\"alignnone size-full wp-image-2366\" src=\"https:\/\/identidad-visual.com.pe\/wp-content\/uploads\/2024\/05\/image_2024-05-24_120003643.png\" alt=\"\" width=\"226\" height=\"24\" \/><\/a><\/p>\n<h5 style=\"text-align: left; color: white; font-size: 30px;\">TALLER<\/h5>\n<p style=\"color: #ffffff; font-weight: 300;\">Mz \u00abD\u00bb Lt 43 santa Juana de Copacabana puente piedra<\/p>\n\n\t\t<\/div>\n\t<\/div>\n<div class=\"ult-spacer spacer-69d12f140efeb\" data-id=\"69d12f140efeb\" data-height=\"20\" data-height-mobile=\"20\" data-height-tab=\"20\" data-height-tab-portrait=\"\" data-height-mobile-landscape=\"\" style=\"clear:both;display:block;\"><\/div><div id=\"ultimate-heading-908569d12f140f000\" class=\"uvc-heading ult-adjust-bottom-margin ultimate-heading-908569d12f140f000 uvc-4308\" data-hspacer=\"no_spacer\"  data-halign=\"left\" style=\"text-align:left\"><div class=\"uvc-heading-spacer no_spacer\" style=\"top\"><\/div><div class=\"uvc-main-heading ult-responsive\"  data-ultimate-target='.uvc-heading.ultimate-heading-908569d12f140f000 h5'  data-responsive-json-new='{\"font-size\":\"desktop:30px;\",\"line-height\":\"desktop:70px;\"}' ><h5 style=\"font-weight:bold;\">Redes Sociales<\/h5><\/div><\/div><div class=\"ult-spacer spacer-69d12f140f010\" data-id=\"69d12f140f010\" data-height=\"10\" data-height-mobile=\"10\" data-height-tab=\"10\" data-height-tab-portrait=\"\" data-height-mobile-landscape=\"\" style=\"clear:both;display:block;\"><\/div>\n\t<div class=\"wpb_text_column wpb_content_element\" >\n\t\t<div class=\"wpb_wrapper\">\n\t\t\t<p style=\"color: #ffffff; font-weight: 300;\">SIGUENOS<\/p>\n\n\t\t<\/div>\n\t<\/div>\n<div class=\"ult-spacer spacer-69d12f140f140\" data-id=\"69d12f140f140\" data-height=\"10\" data-height-mobile=\"10\" data-height-tab=\"10\" data-height-tab-portrait=\"\" data-height-mobile-landscape=\"\" style=\"clear:both;display:block;\"><\/div><div class=\"vlthemes_custom_69d12f140f14b   vlt-social-icons\"><a href=\"https:\/\/www.facebook.com\/IdentidadVisualArquitectura\/\" class=\"vlt-social-icon vlt-social-icon--style-1 facebook\"><i class=\"icofont-facebook\"><\/i><\/a><a href=\"https:\/\/www.instagram.com\/identidad_visual_paginaoficial?igsh=MWFtaGozamk2bW95Mg==\" class=\"vlt-social-icon vlt-social-icon--style-1 instagram\"><i class=\"icofont-instagram\"><\/i><\/a><a href=\"https:\/\/www.linkedin.com\/company\/identidadvisual-paginaoficial\" target=\"_blank\" class=\"vlt-social-icon vlt-social-icon--style-1 linkedin\"><i class=\"icofont-linkedin\"><\/i><\/a><a href=\"https:\/\/www.youtube.com\/channel\/UCezuQAEtwBRbvmCRdKZNuYQ\" class=\"vlt-social-icon vlt-social-icon--style-1 youtube-play\"><i class=\"icofont-youtube-play\"><\/i><\/a><\/div><\/div><div class=\"ult-spacer spacer-69d12f140f1ce\" data-id=\"69d12f140f1ce\" data-height=\"\" data-height-mobile=\"\" data-height-tab=\"70\" data-height-tab-portrait=\"\" data-height-mobile-landscape=\"\" style=\"clear:both;display:block;\"><\/div><\/div><\/div><\/div><div class=\"wpb_column vc_column_container vc_col-sm-7\"><div class=\"vc_column-inner\"><div class=\"wpb_wrapper\"><div class=\"vlthemes_custom_69d12f140f35e   vlt-animation-block\" data-aos=\"fade\" data-aos-delay=\"100\"><h2 class=\"vlthemes_custom_69d12f140f3ab   vlt-display-2\">Env\u00edanos un Mensaje<\/h2><div class=\"ult-spacer spacer-69d12f140f3b8\" data-id=\"69d12f140f3b8\" data-height=\"70\" data-height-mobile=\"70\" data-height-tab=\"70\" data-height-tab-portrait=\"\" data-height-mobile-landscape=\"\" style=\"clear:both;display:block;\"><\/div><div class=\"vlthemes_custom_69d12f140f3bf   vlthemes-contact-form-01\">\n<div class=\"wpcf7 no-js\" id=\"wpcf7-f907-o1\" lang=\"en-US\" dir=\"ltr\">\n<div class=\"screen-reader-response\"><p role=\"status\" aria-live=\"polite\" aria-atomic=\"true\"><\/p> <ul><\/ul><\/div>\n<form action=\"\/en\/wp-json\/wp\/v2\/pages\/41#wpcf7-f907-o1\" method=\"post\" class=\"wpcf7-form init demo\" aria-label=\"Contact form\" novalidate=\"novalidate\" data-status=\"init\" data-trp-original-action=\"\/en\/wp-json\/wp\/v2\/pages\/41#wpcf7-f907-o1\">\n<div style=\"display: none;\">\n<input type=\"hidden\" name=\"_wpcf7\" value=\"907\" \/>\n<input type=\"hidden\" name=\"_wpcf7_version\" value=\"5.8.6\" \/>\n<input type=\"hidden\" name=\"_wpcf7_locale\" value=\"en_US\" \/>\n<input type=\"hidden\" name=\"_wpcf7_unit_tag\" value=\"wpcf7-f907-o1\" \/>\n<input type=\"hidden\" name=\"_wpcf7_container_post\" value=\"0\" \/>\n<input type=\"hidden\" name=\"_wpcf7_posted_data_hash\" value=\"\" \/>\n<\/div>\n<div class=\"vlt-form-row two-col\">\n\t<div class=\"vlt-form-group\">\n\t\t<p><span class=\"wpcf7-form-control-wrap\" data-name=\"your-name\"><input size=\"40\" class=\"wpcf7-form-control wpcf7-text wpcf7-validates-as-required\" aria-required=\"true\" aria-invalid=\"false\" placeholder=\"Nombres\" value=\"\" type=\"text\" name=\"your-name\" \/><\/span>\n\t\t<\/p>\n\t<\/div>\n\t<div class=\"vlt-form-group\">\n\t\t<p><span class=\"wpcf7-form-control-wrap\" data-name=\"your-email\"><input size=\"40\" class=\"wpcf7-form-control wpcf7-email wpcf7-validates-as-required wpcf7-text wpcf7-validates-as-email\" aria-required=\"true\" aria-invalid=\"false\" placeholder=\"Email\" value=\"\" type=\"email\" name=\"your-email\" \/><\/span>\n\t\t<\/p>\n\t<\/div>\n<\/div>\n<div class=\"vlt-form-group\">\n\t<p><span class=\"wpcf7-form-control-wrap\" data-name=\"your-message\"><textarea cols=\"40\" rows=\"5\" class=\"wpcf7-form-control wpcf7-textarea\" aria-invalid=\"false\" placeholder=\"Escribe tu mensaje\" name=\"your-message\"><\/textarea><\/span>\n\t<\/p>\n<\/div>\n<p><button class=\"wpcf7-form-control wpcf7-submit vlt-btn vlt-btn--form-submit\">Enviar mensaje<i class=\"icofont-caret-right\"><\/i><\/button>\n<\/p><div class=\"wpcf7-response-output\" aria-hidden=\"true\"><\/div>\n<input type=\"hidden\" name=\"trp-form-language\" value=\"en\"\/><\/form>\n<\/div>\n<\/div><\/div><\/div><\/div><\/div><div class=\"wpb_column vc_column_container vc_col-sm-12\"><div class=\"vc_column-inner\"><div class=\"wpb_wrapper\"><div class=\"ult-spacer spacer-69d12f140fbc7\" data-id=\"69d12f140fbc7\" data-height=\"130\" data-height-mobile=\"130\" data-height-tab=\"130\" data-height-tab-portrait=\"\" data-height-mobile-landscape=\"\" style=\"clear:both;display:block;\"><\/div><\/div><\/div><\/div><\/div><\/section>\n<\/div>","protected":false},"excerpt":{"rendered":"para entregarte el mejor resultado M\u00c1XIMA CALIDAD Brindamos la INFORMACI\u00d3N Lima, Per\u00fa OFICINA Calle Alameda del Alba 233, Santiago de Surco +51 989 329 163 +51 987 755 930 TALLER Mz \"D\" Lt 43 santa Juana de Copacabana puente piedra Redes Sociales SIGUENOS Env\u00edanos un Mensaje Enviar mensaje","protected":false},"author":1,"featured_media":0,"parent":0,"menu_order":0,"comment_status":"closed","ping_status":"closed","template":"template-custom-page.php","meta":{"_vp_format_video_url":"","_vp_image_focal_point":[],"footnotes":""},"class_list":["post-41","page","type-page","status-publish","hentry"],"acf":[],"_links":{"self":[{"href":"https:\/\/identidad-visual.com.pe\/en\/wp-json\/wp\/v2\/pages\/41","targetHints":{"allow":["GET"]}}],"collection":[{"href":"https:\/\/identidad-visual.com.pe\/en\/wp-json\/wp\/v2\/pages"}],"about":[{"href":"https:\/\/identidad-visual.com.pe\/en\/wp-json\/wp\/v2\/types\/page"}],"author":[{"embeddable":true,"href":"https:\/\/identidad-visual.com.pe\/en\/wp-json\/wp\/v2\/users\/1"}],"replies":[{"embeddable":true,"href":"https:\/\/identidad-visual.com.pe\/en\/wp-json\/wp\/v2\/comments?post=41"}],"version-history":[{"count":10,"href":"https:\/\/identidad-visual.com.pe\/en\/wp-json\/wp\/v2\/pages\/41\/revisions"}],"predecessor-version":[{"id":2201,"href":"https:\/\/identidad-visual.com.pe\/en\/wp-json\/wp\/v2\/pages\/41\/revisions\/2201"}],"wp:attachment":[{"href":"https:\/\/identidad-visual.com.pe\/en\/wp-json\/wp\/v2\/media?parent=41"}],"curies":[{"name":"wp","href":"https:\/\/api.w.org\/{rel}","templated":true}]}}